{"id":262147,"date":"2023-10-11T11:07:22","date_gmt":"2023-10-11T11:07:22","guid":{"rendered":"https:\/\/experience.gr-100.com\/accesibilidad\/"},"modified":"2023-12-02T20:49:51","modified_gmt":"2023-12-02T20:49:51","slug":"accesibilidad","status":"publish","type":"page","link":"https:\/\/experience.gr-100.com\/pt-pt\/accesibilidad\/","title":{"rendered":"Acessibilidade"},"content":{"rendered":"<p>[et_pb_section fb_built=&#8221;1&#8243; _builder_version=&#8221;4.22.2&#8243; _module_preset=&#8221;default&#8221; hover_enabled=&#8221;0&#8243; global_colors_info=&#8221;{}&#8221; custom_padding=&#8221;50px||50px||false|false&#8221; sticky_enabled=&#8221;0&#8243;][et_pb_row _builder_version=&#8221;4.22.2&#8243; _module_preset=&#8221;default&#8221; global_colors_info=&#8221;{}&#8221;][et_pb_column type=&#8221;4_4&#8243; _builder_version=&#8221;4.22.2&#8243; _module_preset=&#8221;default&#8221; global_colors_info=&#8221;{}&#8221;][et_pb_text _builder_version=&#8221;4.22.2&#8243; _module_preset=&#8221;default&#8221; global_colors_info=&#8221;{}&#8221;]<\/p>\n<div class=\"et_pb_module et_pb_text et_pb_text_0 et_pb_text_align_left et_pb_bg_layout_light\">\n<div class=\"et_pb_text_inner\">\n<h1 class=\"entry-title\">Acessibilidade<\/h1>\n<p><span>A Gr-100 est\u00e1 empenhada em tornar o seu site acess\u00edvel, de acordo com as <\/span><a href=\"https:\/\/www.boe.es\/diario_boe\/txt.php?id=BOE-A-2018-12699\" class=\"ext\" data-extlink=\"\" target=\"_blank\" rel=\"noopener noreferrer\">Real Decreto 1112\/2018, de 7 de setembro, sobre acessibilidade de sites e aplica\u00e7\u00f5es para dispositivos m\u00f3veis do setor p\u00fablico.<\/a><\/p>\n<p><span>Esta declara\u00e7\u00e3o de acessibilidade se aplica ao site https:\/\/experience.gr-100.com<\/span><\/p>\n<h1>\u200bAcessibilidade<\/h1>\n<\/div>\n<\/div>\n<div class=\"et_pb_module et_pb_text et_pb_text_1 et_pb_text_align_left et_pb_bg_layout_light\">\n<div class=\"et_pb_text_inner\">\n<h2 class=\"h2_title_underlined\">Estado de conformidade<\/h2>\n<p><span>Este site est\u00e1 parcialmente em conformidade com o <\/span><a href=\"https:\/\/www.boe.es\/diario_boe\/txt.php?id=BOE-A-2018-12699\" class=\"ext\" data-extlink=\"\" target=\"_blank\" rel=\"noopener noreferrer\">RD 1112\/2018<\/a><span> devido \u00e0s exce\u00e7\u00f5es e falta de conformidade dos aspectos indicados no ponto seguinte.<\/span><\/p>\n<h1>\u200b<\/h1>\n<\/div>\n<\/div>\n<div class=\"et_pb_module et_pb_text et_pb_text_2 et_pb_text_align_left et_pb_bg_layout_light\">\n<div class=\"et_pb_text_inner\">\n<h2 class=\"h2_title_underlined\">Conte\u00fado n\u00e3o acess\u00edvel<\/h2>\n<p><span>O conte\u00fado coletado abaixo n\u00e3o est\u00e1 acess\u00edvel devido ao seguinte:<\/span><\/p>\n<h1>\u200b<\/h1>\n<\/div>\n<\/div>\n<div class=\"et_pb_module et_pb_text et_pb_text_3 et_pb_text_align_left et_pb_bg_layout_light\">\n<div class=\"et_pb_text_inner\">\n<h3>Falta de conformidad con el RD 1112\/2018<\/h3>\n<p>Pode haver erros de edi\u00e7\u00e3o de c\u00f3digo pontual em algum site. [4 .1.1 Procesamiento]<\/p>\n<\/div>\n<\/div>\n<div class=\"et_pb_module et_pb_text et_pb_text_4 et_pb_text_align_left et_pb_bg_layout_light\">\n<div class=\"et_pb_text_inner\">\n<h2 class=\"h2_title_underlined\">Conte\u00fado n\u00e3o acess\u00edvel<\/h2>\n<p><span>O conte\u00fado coletado abaixo n\u00e3o est\u00e1 acess\u00edvel devido ao seguinte:<\/span><\/p>\n<h1>\u200b<\/h1>\n<\/div>\n<\/div>\n<div class=\"et_pb_module et_pb_text et_pb_text_5 et_pb_text_align_left et_pb_bg_layout_light\">\n<div class=\"et_pb_text_inner\">\n<h2 class=\"h2_title_underlined\">Conte\u00fado opcional<\/h2>\n<p>Este portal foi projetado para poder alterar o tamanho e a cor do texto, bem como o fundo da p\u00e1gina usando as op\u00e7\u00f5es padr\u00e3o de configura\u00e7\u00e3o do navegador.<\/p>\n<p>Se desejar alterar o tamanho da fonte do texto nos principais navegadores gr\u00e1ficos, utilize os seguintes menus:<\/p>\n<ul>\n<li>Internet Explorer, Mozilla e Firefox: Ver &gt; Tamanho do texto<\/li>\n<li>Opera: Ver &gt; Zoom<\/li>\n<li>Safari: Ver &gt; Aumentar o texto<\/li>\n<li>Chrome: Verificar a p\u00e1gina atual &gt; Tamanho do texto<\/li>\n<li>Para alterar o tamanho de tudo na p\u00e1gina:\n<ul>\n<li>Ctrl + + para o aumentar<\/li>\n<li>Ctrl + \u2013 para o reduzir<\/li>\n<li>Ctrl + 0 rep\u00f5e o tamanho original do texto<\/li>\n<li>Se pretender substituir a folha de estilos ou alterar a cor do texto, pode consultar a p\u00e1gina<span> <\/span><span lang=\"en\">que pode ser lido traduzido para o espanhol em Como alterar o tamanho do texto ou das cores?<\/span><\/li>\n<\/ul>\n<\/li>\n<\/ul>\n<\/div>\n<\/div>\n<p>[\/et_pb_text][\/et_pb_column][\/et_pb_row][\/et_pb_section]<\/p>\n","protected":false},"excerpt":{"rendered":"<p>Acessibilidade A Gr-100 est\u00e1 empenhada em tornar o seu site acess\u00edvel, de acordo com as Real Decreto 1112\/2018, de 7 de setembro, sobre acessibilidade de sites e aplica\u00e7\u00f5es para dispositivos m\u00f3veis do setor p\u00fablico. Esta declara\u00e7\u00e3o de acessibilidade se aplica ao site https:\/\/experience.gr-100.com \u200bAcessibilidade Estado de conformidade Este site est\u00e1 parcialmente em conformidade com o [&hellip;]<\/p>\n","protected":false},"author":5,"featured_media":0,"parent":0,"menu_order":0,"comment_status":"closed","ping_status":"closed","template":"","meta":{"_et_pb_use_builder":"on","_et_pb_old_content":"","_et_gb_content_width":"","footnotes":""},"class_list":["post-262147","page","type-page","status-publish","hentry"],"yoast_head":"<!-- This site is optimized with the Yoast SEO plugin v23.6 - https:\/\/yoast.com\/wordpress\/plugins\/seo\/ -->\n<title>Acessibilidade - Gr-100<\/title>\n<meta name=\"robots\" content=\"noindex, follow\" \/>\n<meta property=\"og:locale\" content=\"pt_PT\" \/>\n<meta property=\"og:type\" content=\"article\" \/>\n<meta property=\"og:title\" content=\"Acessibilidade - Gr-100\" \/>\n<meta property=\"og:description\" content=\"Acessibilidade A Gr-100 est\u00e1 empenhada em tornar o seu site acess\u00edvel, de acordo com as Real Decreto 1112\/2018, de 7 de setembro, sobre acessibilidade de sites e aplica\u00e7\u00f5es para dispositivos m\u00f3veis do setor p\u00fablico. Esta declara\u00e7\u00e3o de acessibilidade se aplica ao site https:\/\/experience.gr-100.com \u200bAcessibilidade Estado de conformidade Este site est\u00e1 parcialmente em conformidade com o [&hellip;]\" \/>\n<meta property=\"og:url\" content=\"https:\/\/experience.gr-100.com\/pt-pt\/accesibilidad\/\" \/>\n<meta property=\"og:site_name\" content=\"Gr-100\" \/>\n<meta property=\"article:publisher\" content=\"https:\/\/www.facebook.com\/Gr100Bikes\" \/>\n<meta property=\"article:modified_time\" content=\"2023-12-02T20:49:51+00:00\" \/>\n<meta name=\"twitter:card\" content=\"summary_large_image\" \/>\n<meta name=\"twitter:site\" content=\"@gr100mtbteam\" \/>\n<meta name=\"twitter:label1\" content=\"Tempo estimado de leitura\" \/>\n\t<meta name=\"twitter:data1\" content=\"2 minutos\" \/>\n<script type=\"application\/ld+json\" class=\"yoast-schema-graph\">{\"@context\":\"https:\/\/schema.org\",\"@graph\":[{\"@type\":\"WebPage\",\"@id\":\"https:\/\/experience.gr-100.com\/pt-pt\/accesibilidad\/\",\"url\":\"https:\/\/experience.gr-100.com\/pt-pt\/accesibilidad\/\",\"name\":\"Acessibilidade - Gr-100\",\"isPartOf\":{\"@id\":\"https:\/\/experience.gr-100.com\/#website\"},\"datePublished\":\"2023-10-11T11:07:22+00:00\",\"dateModified\":\"2023-12-02T20:49:51+00:00\",\"breadcrumb\":{\"@id\":\"https:\/\/experience.gr-100.com\/pt-pt\/accesibilidad\/#breadcrumb\"},\"inLanguage\":\"pt-PT\",\"potentialAction\":[{\"@type\":\"ReadAction\",\"target\":[\"https:\/\/experience.gr-100.com\/pt-pt\/accesibilidad\/\"]}]},{\"@type\":\"BreadcrumbList\",\"@id\":\"https:\/\/experience.gr-100.com\/pt-pt\/accesibilidad\/#breadcrumb\",\"itemListElement\":[{\"@type\":\"ListItem\",\"position\":1,\"name\":\"Portada\",\"item\":\"https:\/\/experience.gr-100.com\/\"},{\"@type\":\"ListItem\",\"position\":2,\"name\":\"Acessibilidade\"}]},{\"@type\":\"WebSite\",\"@id\":\"https:\/\/experience.gr-100.com\/#website\",\"url\":\"https:\/\/experience.gr-100.com\/\",\"name\":\"Experience Gr-100\",\"description\":\"\",\"publisher\":{\"@id\":\"https:\/\/experience.gr-100.com\/#organization\"},\"potentialAction\":[{\"@type\":\"SearchAction\",\"target\":{\"@type\":\"EntryPoint\",\"urlTemplate\":\"https:\/\/experience.gr-100.com\/?s={search_term_string}\"},\"query-input\":{\"@type\":\"PropertyValueSpecification\",\"valueRequired\":true,\"valueName\":\"search_term_string\"}}],\"inLanguage\":\"pt-PT\"},{\"@type\":\"Organization\",\"@id\":\"https:\/\/experience.gr-100.com\/#organization\",\"name\":\"Experience Gr-100\",\"url\":\"https:\/\/experience.gr-100.com\/\",\"logo\":{\"@type\":\"ImageObject\",\"inLanguage\":\"pt-PT\",\"@id\":\"https:\/\/experience.gr-100.com\/#\/schema\/logo\/image\/\",\"url\":\"https:\/\/experience.gr-100.com\/wp-content\/uploads\/2023\/09\/logo-gr-100-bikes-1.png\",\"contentUrl\":\"https:\/\/experience.gr-100.com\/wp-content\/uploads\/2023\/09\/logo-gr-100-bikes-1.png\",\"width\":150,\"height\":60,\"caption\":\"Experience Gr-100\"},\"image\":{\"@id\":\"https:\/\/experience.gr-100.com\/#\/schema\/logo\/image\/\"},\"sameAs\":[\"https:\/\/www.facebook.com\/Gr100Bikes\",\"https:\/\/x.com\/gr100mtbteam\",\"https:\/\/www.instagram.com\/gr100bikes\",\"https:\/\/www.tiktok.com\/@gr100bikes\",\"https:\/\/www.youtube.com\/c\/GR100Specialized\"]}]}<\/script>\n<!-- \/ Yoast SEO plugin. -->","yoast_head_json":{"title":"Acessibilidade - Gr-100","robots":{"index":"noindex","follow":"follow"},"og_locale":"pt_PT","og_type":"article","og_title":"Acessibilidade - Gr-100","og_description":"Acessibilidade A Gr-100 est\u00e1 empenhada em tornar o seu site acess\u00edvel, de acordo com as Real Decreto 1112\/2018, de 7 de setembro, sobre acessibilidade de sites e aplica\u00e7\u00f5es para dispositivos m\u00f3veis do setor p\u00fablico. Esta declara\u00e7\u00e3o de acessibilidade se aplica ao site https:\/\/experience.gr-100.com \u200bAcessibilidade Estado de conformidade Este site est\u00e1 parcialmente em conformidade com o [&hellip;]","og_url":"https:\/\/experience.gr-100.com\/pt-pt\/accesibilidad\/","og_site_name":"Gr-100","article_publisher":"https:\/\/www.facebook.com\/Gr100Bikes","article_modified_time":"2023-12-02T20:49:51+00:00","twitter_card":"summary_large_image","twitter_site":"@gr100mtbteam","twitter_misc":{"Tempo estimado de leitura":"2 minutos"},"schema":{"@context":"https:\/\/schema.org","@graph":[{"@type":"WebPage","@id":"https:\/\/experience.gr-100.com\/pt-pt\/accesibilidad\/","url":"https:\/\/experience.gr-100.com\/pt-pt\/accesibilidad\/","name":"Acessibilidade - Gr-100","isPartOf":{"@id":"https:\/\/experience.gr-100.com\/#website"},"datePublished":"2023-10-11T11:07:22+00:00","dateModified":"2023-12-02T20:49:51+00:00","breadcrumb":{"@id":"https:\/\/experience.gr-100.com\/pt-pt\/accesibilidad\/#breadcrumb"},"inLanguage":"pt-PT","potentialAction":[{"@type":"ReadAction","target":["https:\/\/experience.gr-100.com\/pt-pt\/accesibilidad\/"]}]},{"@type":"BreadcrumbList","@id":"https:\/\/experience.gr-100.com\/pt-pt\/accesibilidad\/#breadcrumb","itemListElement":[{"@type":"ListItem","position":1,"name":"Portada","item":"https:\/\/experience.gr-100.com\/"},{"@type":"ListItem","position":2,"name":"Acessibilidade"}]},{"@type":"WebSite","@id":"https:\/\/experience.gr-100.com\/#website","url":"https:\/\/experience.gr-100.com\/","name":"Experience Gr-100","description":"","publisher":{"@id":"https:\/\/experience.gr-100.com\/#organization"},"potentialAction":[{"@type":"SearchAction","target":{"@type":"EntryPoint","urlTemplate":"https:\/\/experience.gr-100.com\/?s={search_term_string}"},"query-input":{"@type":"PropertyValueSpecification","valueRequired":true,"valueName":"search_term_string"}}],"inLanguage":"pt-PT"},{"@type":"Organization","@id":"https:\/\/experience.gr-100.com\/#organization","name":"Experience Gr-100","url":"https:\/\/experience.gr-100.com\/","logo":{"@type":"ImageObject","inLanguage":"pt-PT","@id":"https:\/\/experience.gr-100.com\/#\/schema\/logo\/image\/","url":"https:\/\/experience.gr-100.com\/wp-content\/uploads\/2023\/09\/logo-gr-100-bikes-1.png","contentUrl":"https:\/\/experience.gr-100.com\/wp-content\/uploads\/2023\/09\/logo-gr-100-bikes-1.png","width":150,"height":60,"caption":"Experience Gr-100"},"image":{"@id":"https:\/\/experience.gr-100.com\/#\/schema\/logo\/image\/"},"sameAs":["https:\/\/www.facebook.com\/Gr100Bikes","https:\/\/x.com\/gr100mtbteam","https:\/\/www.instagram.com\/gr100bikes","https:\/\/www.tiktok.com\/@gr100bikes","https:\/\/www.youtube.com\/c\/GR100Specialized"]}]}},"_links":{"self":[{"href":"https:\/\/experience.gr-100.com\/pt-pt\/wp-json\/wp\/v2\/pages\/262147","targetHints":{"allow":["GET"]}}],"collection":[{"href":"https:\/\/experience.gr-100.com\/pt-pt\/wp-json\/wp\/v2\/pages"}],"about":[{"href":"https:\/\/experience.gr-100.com\/pt-pt\/wp-json\/wp\/v2\/types\/page"}],"author":[{"embeddable":true,"href":"https:\/\/experience.gr-100.com\/pt-pt\/wp-json\/wp\/v2\/users\/5"}],"replies":[{"embeddable":true,"href":"https:\/\/experience.gr-100.com\/pt-pt\/wp-json\/wp\/v2\/comments?post=262147"}],"version-history":[{"count":4,"href":"https:\/\/experience.gr-100.com\/pt-pt\/wp-json\/wp\/v2\/pages\/262147\/revisions"}],"predecessor-version":[{"id":262259,"href":"https:\/\/experience.gr-100.com\/pt-pt\/wp-json\/wp\/v2\/pages\/262147\/revisions\/262259"}],"wp:attachment":[{"href":"https:\/\/experience.gr-100.com\/pt-pt\/wp-json\/wp\/v2\/media?parent=262147"}],"curies":[{"name":"wp","href":"https:\/\/api.w.org\/{rel}","templated":true}]}}