{"id":262163,"date":"2023-09-12T10:10:06","date_gmt":"2023-09-12T10:10:06","guid":{"rendered":"https:\/\/experience.gr-100.com\/nosotros\/"},"modified":"2023-12-11T08:33:56","modified_gmt":"2023-12-11T08:33:56","slug":"nosotros","status":"publish","type":"page","link":"https:\/\/experience.gr-100.com\/pt-pt\/nosotros\/","title":{"rendered":"Sobre N\u00f3s"},"content":{"rendered":"<p>[et_pb_section fb_built=&#8221;1&#8243; custom_padding_last_edited=&#8221;on|phone&#8221; _builder_version=&#8221;4.22.2&#8243; _module_preset=&#8221;default&#8221; custom_padding=&#8221;30px|30px|30px|30px|false|false&#8221; custom_padding_tablet=&#8221;30px|30px|30px|30px|false|false&#8221; custom_padding_phone=&#8221;30px|30px|0px|30px|false|false&#8221; global_colors_info=&#8221;{}&#8221;][et_pb_row _builder_version=&#8221;4.22.1&#8243; _module_preset=&#8221;default&#8221; global_colors_info=&#8221;{}&#8221;][et_pb_column type=&#8221;4_4&#8243; _builder_version=&#8221;4.22.1&#8243; _module_preset=&#8221;default&#8221; global_colors_info=&#8221;{}&#8221;][et_pb_text admin_label=&#8221;Titulo Pagina&#8221; _builder_version=&#8221;4.22.1&#8243; _module_preset=&#8221;default&#8221; header_font=&#8221;|700|||||||&#8221; header_text_align=&#8221;center&#8221; header_font_size=&#8221;3.3em&#8221; header_text_color_tablet=&#8221;&#8221; header_text_color_phone=&#8221;&#8221; header_text_color_last_edited=&#8221;on|desktop&#8221; header_font_size_tablet=&#8221;3em&#8221; header_font_size_phone=&#8221;2.3em&#8221; header_font_size_last_edited=&#8221;on|phone&#8221; custom_css_before=&#8221;position: absolute;||    bottom: -15px;||    left: 37%;||    right: 37%;||    height: 4px;||    background: #E73B1A;||    content: %22%22;&#8221; global_colors_info=&#8221;{}&#8221;]<\/p>\n<h1>N\u00d3S<\/h1>\n<p>[\/et_pb_text][\/et_pb_column][\/et_pb_row][\/et_pb_section][et_pb_section fb_built=&#8221;1&#8243; custom_padding_last_edited=&#8221;on|phone&#8221; _builder_version=&#8221;4.22.2&#8243; _module_preset=&#8221;default&#8221; custom_padding=&#8221;30px|30px|30px|30px|false|false&#8221; custom_padding_tablet=&#8221;30px|30px|30px|30px|false|false&#8221; custom_padding_phone=&#8221;0px|0px|0px|0px|false|false&#8221; global_colors_info=&#8221;{}&#8221;][et_pb_row _builder_version=&#8221;4.22.1&#8243; _module_preset=&#8221;default&#8221; global_colors_info=&#8221;{}&#8221;][et_pb_column type=&#8221;4_4&#8243; _builder_version=&#8221;4.22.1&#8243; _module_preset=&#8221;default&#8221; global_colors_info=&#8221;{}&#8221;][et_pb_text admin_label=&#8221;Contenido&#8221; _builder_version=&#8221;4.22.2&#8243; _module_preset=&#8221;default&#8221; text_font_size=&#8221;1.5em&#8221; text_line_height=&#8221;1.2em&#8221; header_font_size=&#8221;3.3em&#8221; text_font_size_tablet=&#8221;1.8em&#8221; text_font_size_phone=&#8221;1.5em&#8221; text_font_size_last_edited=&#8221;on|tablet&#8221; header_font_size_tablet=&#8221;3em&#8221; header_font_size_phone=&#8221;2.3em&#8221; header_font_size_last_edited=&#8221;on|phone&#8221; global_colors_info=&#8221;{}&#8221;]<\/p>\n<p style=\"text-align: center;\"><em>N\u00e3o o negamos, nem o podemos esconder, somos apaixonados por duas rodas. Viemos do mundo da competi\u00e7\u00e3o, da adrenalina e da procura, para democratizar a utiliza\u00e7\u00e3o da bicicleta. Qualquer que seja o seu n\u00edvel de fitness, o seu percurso ou o seu estilo de vida, temos o produto perfeito para si. Como especialistas, orientamo-lo, n\u00e3o s\u00f3 para obter o melhor desempenho, mas tamb\u00e9m o aconselhamos a tirar o m\u00e1ximo partido da experi\u00eancia de uma nova mobilidade.<\/em><\/p>\n<p style=\"text-align: center;\"><em>Ambos os s\u00f3cios fundadores s\u00e3o ex-ciclistas profissionais de estrada, com uma amizade e uma carreira desportiva comuns ao longo dos anos. Decidimos criar a GR-100 em 2009, em Plasencia.<\/em><\/p>\n<p style=\"text-align: center;\"><em>Durante estes anos, temos vindo a crescer com a abertura de Don Benito em 2014, C\u00e1ceres em 2018 e Badajoz em 2019.<\/em><\/p>\n<p>[\/et_pb_text][\/et_pb_column][\/et_pb_row][\/et_pb_section][et_pb_section fb_built=&#8221;1&#8243; _builder_version=&#8221;4.22.1&#8243; _module_preset=&#8221;default&#8221; global_colors_info=&#8221;{}&#8221;][et_pb_row _builder_version=&#8221;4.22.2&#8243; _module_preset=&#8221;default&#8221; custom_margin=&#8221;0px||0px||false|false&#8221; custom_padding=&#8221;0px||0px||false|false&#8221; global_colors_info=&#8221;{}&#8221;][et_pb_column type=&#8221;4_4&#8243; _builder_version=&#8221;4.22.1&#8243; _module_preset=&#8221;default&#8221; global_colors_info=&#8221;{}&#8221;][et_pb_image src=&#8221;https:\/\/experience.gr-100.com\/wp-content\/uploads\/2023\/09\/flecha-abajo.png&#8221; title_text=&#8221;seta-abaixo&#8221; align=&#8221;center&#8221; disabled_on=&#8221;on|on|on&#8221; admin_label=&#8221;Icono Flecha&#8221; _builder_version=&#8221;4.22.2&#8243; _module_preset=&#8221;default&#8221; disabled=&#8221;on&#8221; global_colors_info=&#8221;{}&#8221;][\/et_pb_image][\/et_pb_column][\/et_pb_row][\/et_pb_section][et_pb_section fb_built=&#8221;1&#8243; custom_padding_last_edited=&#8221;on|phone&#8221; _builder_version=&#8221;4.22.2&#8243; _module_preset=&#8221;default&#8221; custom_padding=&#8221;20px||100px||false|false&#8221; custom_padding_tablet=&#8221;20px||100px||false|false&#8221; custom_padding_phone=&#8221;0px||100px||false|false&#8221; global_colors_info=&#8221;{}&#8221;][et_pb_row column_structure=&#8221;1_3,1_3,1_3&#8243; _builder_version=&#8221;4.22.2&#8243; _module_preset=&#8221;default&#8221; global_colors_info=&#8221;{}&#8221;][et_pb_column type=&#8221;1_3&#8243; _builder_version=&#8221;4.22.2&#8243; _module_preset=&#8221;default&#8221; global_colors_info=&#8221;{}&#8221;][et_pb_image src=&#8221;https:\/\/experience.gr-100.com\/wp-content\/uploads\/2023\/09\/pedro_romero.jpg&#8221; title_text=&#8221;pedro_romero&#8221; admin_label=&#8221;Foto&#8221; _builder_version=&#8221;4.22.1&#8243; _module_preset=&#8221;default&#8221; custom_margin_tablet=&#8221;&#8221; custom_margin_phone=&#8221;||5px||false|false&#8221; custom_margin_last_edited=&#8221;on|phone&#8221; global_colors_info=&#8221;{}&#8221;][\/et_pb_image][et_pb_text admin_label=&#8221;Nombre&#8221; _builder_version=&#8221;4.22.2&#8243; _module_preset=&#8221;default&#8221; text_font=&#8221;|700|on||||||&#8221; text_font_size=&#8221;2em&#8221; header_font_size=&#8221;3.3em&#8221; custom_margin=&#8221;||10px||false|false&#8221; custom_padding=&#8221;||||false|false&#8221; header_font_size_tablet=&#8221;3em&#8221; header_font_size_phone=&#8221;2.3em&#8221; header_font_size_last_edited=&#8221;on|phone&#8221; global_colors_info=&#8221;{}&#8221;]<\/p>\n<p>PEDRO ROMERO<\/p>\n<p>[\/et_pb_text][et_pb_text admin_label=&#8221;Cargo&#8221; _builder_version=&#8221;4.22.2&#8243; _module_preset=&#8221;default&#8221; text_font_size=&#8221;1.2em&#8221; header_font_size=&#8221;3.3em&#8221; custom_margin_tablet=&#8221;&#8221; custom_margin_phone=&#8221;||10px||false|false&#8221; custom_margin_last_edited=&#8221;on|phone&#8221; header_font_size_tablet=&#8221;3em&#8221; header_font_size_phone=&#8221;2.3em&#8221; header_font_size_last_edited=&#8221;on|phone&#8221; global_colors_info=&#8221;{}&#8221;]<\/p>\n<p>Cofundador e CEO<\/p>\n<p>[\/et_pb_text][et_pb_toggle title=&#8221;Biografia&#8221; open_toggle_text_color=&#8221;#000000&#8243; open_toggle_background_color=&#8221;RGBA(255,255,255,0)&#8221; closed_toggle_background_color=&#8221;RGBA(255,255,255,0)&#8221; icon_color=&#8221;#000000&#8243; toggle_icon=&#8221;&#x35;||divi||400&#8243; use_icon_font_size=&#8221;on&#8221; icon_font_size=&#8221;50px&#8221; open_icon_color=&#8221;#000000&#8243; open_toggle_icon=&#8221;&#x33;||divi||400&#8243; open_use_icon_font_size=&#8221;on&#8221; open_icon_font_size=&#8221;50px&#8221; admin_label=&#8221;Biografia&#8221; module_class=&#8221;show_more lan-pt&#8221; _builder_version=&#8221;4.22.2&#8243; _module_preset=&#8221;default&#8221; title_text_color=&#8221;#000000&#8243; title_font=&#8221;|600|||||||&#8221; title_font_size=&#8221;1.4em&#8221; body_font_size=&#8221;1.3em&#8221; global_colors_info=&#8221;{}&#8221;]<\/p>\n<p>Cofundador da GR-100, desempenha as fun\u00e7\u00f5es de CEO no organigrama da empresa.<br \/>Diretor Comercial e de Vendas, respons\u00e1vel principalmente pela gest\u00e3o administrativa e executiva.<br \/>Gere tudo o que est\u00e1 relacionado com a equipa profissional de BTT da Extremadura-Ecopilas.<br \/>Ex-ciclista profissional de estrada e de BTT.<br \/>Campe\u00e3o de Espanha Elite Bike Marathon 2018.<\/p>\n<p>[\/et_pb_toggle][\/et_pb_column][et_pb_column type=&#8221;1_3&#8243; _builder_version=&#8221;4.22.1&#8243; _module_preset=&#8221;default&#8221; global_colors_info=&#8221;{}&#8221;][et_pb_image src=&#8221;https:\/\/experience.gr-100.com\/wp-content\/uploads\/2023\/09\/ruben_martin.jpg&#8221; title_text=&#8221;ruben_martin&#8221; admin_label=&#8221;Foto&#8221; _builder_version=&#8221;4.22.2&#8243; _module_preset=&#8221;default&#8221; custom_margin=&#8221;||||false|false&#8221; custom_margin_tablet=&#8221;||||false|false&#8221; custom_margin_phone=&#8221;||10px||false|false&#8221; custom_margin_last_edited=&#8221;on|phone&#8221; global_colors_info=&#8221;{}&#8221;][\/et_pb_image][et_pb_text admin_label=&#8221;Nombre&#8221; _builder_version=&#8221;4.22.2&#8243; _module_preset=&#8221;default&#8221; text_font=&#8221;|700|on||||||&#8221; text_font_size=&#8221;2em&#8221; header_font_size=&#8221;3.3em&#8221; custom_margin_tablet=&#8221;&#8221; custom_margin_phone=&#8221;||10px||false|false&#8221; custom_margin_last_edited=&#8221;on|phone&#8221; header_font_size_tablet=&#8221;3em&#8221; header_font_size_phone=&#8221;2.3em&#8221; header_font_size_last_edited=&#8221;on|phone&#8221; global_colors_info=&#8221;{}&#8221;]<\/p>\n<p>RUB\u00c9N MART\u00cdN<\/p>\n<p>[\/et_pb_text][et_pb_text admin_label=&#8221;Cargo&#8221; _builder_version=&#8221;4.22.2&#8243; _module_preset=&#8221;default&#8221; text_font_size=&#8221;1.2em&#8221; header_font_size=&#8221;3.3em&#8221; custom_margin_tablet=&#8221;&#8221; custom_margin_phone=&#8221;||10px||false|false&#8221; custom_margin_last_edited=&#8221;on|phone&#8221; header_font_size_tablet=&#8221;3em&#8221; header_font_size_phone=&#8221;2.3em&#8221; header_font_size_last_edited=&#8221;on|phone&#8221; global_colors_info=&#8221;{}&#8221;]<\/p>\n<p>Cofundador, CMO &amp; CFO<\/p>\n<p>[\/et_pb_text][et_pb_toggle title=&#8221;Biografia&#8221; open_toggle_text_color=&#8221;#000000&#8243; open_toggle_background_color=&#8221;RGBA(255,255,255,0)&#8221; closed_toggle_background_color=&#8221;RGBA(255,255,255,0)&#8221; icon_color=&#8221;#000000&#8243; toggle_icon=&#8221;&#x35;||divi||400&#8243; use_icon_font_size=&#8221;on&#8221; icon_font_size=&#8221;50px&#8221; open_icon_color=&#8221;#000000&#8243; open_toggle_icon=&#8221;&#x33;||divi||400&#8243; open_use_icon_font_size=&#8221;on&#8221; open_icon_font_size=&#8221;50px&#8221; admin_label=&#8221;Biografia&#8221; module_class=&#8221;show_more lan-pt&#8221; _builder_version=&#8221;4.22.2&#8243; _module_preset=&#8221;default&#8221; title_text_color=&#8221;#000000&#8243; title_font=&#8221;|600|||||||&#8221; title_font_size=&#8221;1.4em&#8221; body_font_size=&#8221;1.3em&#8221; hover_enabled=&#8221;0&#8243; global_colors_info=&#8221;{}&#8221; sticky_enabled=&#8221;0&#8243;]<\/p>\n<p>Diretor de Marketing e Financeiro da<br \/>a empresa, ocupa-se de todos os<br \/>relativamente \u00e0 imagem da empresa,<br \/>a Web e a contabilidade.<\/p>\n<p>Ex-ciclista de estrada profissional.<br \/>T\u00e9cnico de biomec\u00e2nica Ret\u00fcl.<br \/>Diretor desportivo de N\u00edvel III.<br \/>Presidente do clube de BTT GR-100<br \/>Diretor da Escola de Ciclismo GR-100<\/p>\n<p>[\/et_pb_toggle][\/et_pb_column][et_pb_column type=&#8221;1_3&#8243; _builder_version=&#8221;4.22.1&#8243; _module_preset=&#8221;default&#8221; global_colors_info=&#8221;{}&#8221;][et_pb_image src=&#8221;https:\/\/experience.gr-100.com\/wp-content\/uploads\/2023\/10\/desiree.jpg&#8221; title_text=&#8221;desejo&#8221; admin_label=&#8221;Foto&#8221; _builder_version=&#8221;4.22.2&#8243; _module_preset=&#8221;default&#8221; custom_margin_tablet=&#8221;&#8221; custom_margin_phone=&#8221;||10px||false|false&#8221; custom_margin_last_edited=&#8221;on|phone&#8221; custom_padding=&#8221;||||false|false&#8221; global_colors_info=&#8221;{}&#8221;][\/et_pb_image][et_pb_text admin_label=&#8221;Nombre&#8221; _builder_version=&#8221;4.22.2&#8243; _module_preset=&#8221;default&#8221; text_font=&#8221;|700|on||||||&#8221; text_font_size=&#8221;2em&#8221; header_font_size=&#8221;3.3em&#8221; custom_margin=&#8221;||||false|false&#8221; custom_margin_tablet=&#8221;||||false|false&#8221; custom_margin_phone=&#8221;||10px||false|false&#8221; custom_margin_last_edited=&#8221;on|phone&#8221; header_font_size_tablet=&#8221;3em&#8221; header_font_size_phone=&#8221;2.3em&#8221; header_font_size_last_edited=&#8221;on|phone&#8221; global_colors_info=&#8221;{}&#8221;]<\/p>\n<p>DESIR\u00c9E<\/p>\n<p>[\/et_pb_text][et_pb_text admin_label=&#8221;Cargo&#8221; _builder_version=&#8221;4.22.2&#8243; _module_preset=&#8221;default&#8221; text_font_size=&#8221;1.2em&#8221; header_font_size=&#8221;3.3em&#8221; custom_margin_tablet=&#8221;&#8221; custom_margin_phone=&#8221;||10px||false|false&#8221; custom_margin_last_edited=&#8221;on|phone&#8221; header_font_size_tablet=&#8221;3em&#8221; header_font_size_phone=&#8221;2.3em&#8221; header_font_size_last_edited=&#8221;on|phone&#8221; global_colors_info=&#8221;{}&#8221;]<\/p>\n<p>Criador de conte\u00fados<\/p>\n<p>[\/et_pb_text][et_pb_toggle title=&#8221;Biografia&#8221; open_toggle_text_color=&#8221;#000000&#8243; open_toggle_background_color=&#8221;RGBA(255,255,255,0)&#8221; closed_toggle_background_color=&#8221;RGBA(255,255,255,0)&#8221; icon_color=&#8221;#000000&#8243; toggle_icon=&#8221;&#x35;||divi||400&#8243; use_icon_font_size=&#8221;on&#8221; icon_font_size=&#8221;50px&#8221; open_icon_color=&#8221;#000000&#8243; open_toggle_icon=&#8221;&#x33;||divi||400&#8243; open_use_icon_font_size=&#8221;on&#8221; open_icon_font_size=&#8221;50px&#8221; admin_label=&#8221;Biografia&#8221; module_class=&#8221;show_more lan-pt&#8221; _builder_version=&#8221;4.22.2&#8243; _module_preset=&#8221;default&#8221; title_text_color=&#8221;#000000&#8243; title_font=&#8221;|600|||||||&#8221; title_font_size=&#8221;1.4em&#8221; body_font_size=&#8221;1.3em&#8221; hover_enabled=&#8221;0&#8243; global_colors_info=&#8221;{}&#8221; sticky_enabled=&#8221;0&#8243;]<\/p>\n<p><span>Ol\u00e1, o meu nome \u00e9 <\/span><strong>Desir\u00e9e<\/strong><span>. Sou ciclista da equipa Extremadura-Ecopilas, vice-campe\u00e3 da Ultramaratona de Elite de Espanha 2018. Na Gr-100, sou respons\u00e1vel pelas redes sociais, pelo apoio e pela assist\u00eancia ao s\u00edtio Web e \u00e0 loja em linha. <\/span><span>Sauda\u00e7\u00f5es da loja de Plasencia<\/span><\/p>\n<p>[\/et_pb_toggle][\/et_pb_column][\/et_pb_row][\/et_pb_section]<\/p>\n","protected":false},"excerpt":{"rendered":"<p>N\u00d3SN\u00e3o o negamos, nem o podemos esconder, somos apaixonados por duas rodas. Viemos do mundo da competi\u00e7\u00e3o, da adrenalina e da procura, para democratizar a utiliza\u00e7\u00e3o da bicicleta. Qualquer que seja o seu n\u00edvel de fitness, o seu percurso ou o seu estilo de vida, temos o produto perfeito para si. Como especialistas, orientamo-lo, n\u00e3o [&hellip;]<\/p>\n","protected":false},"author":5,"featured_media":0,"parent":0,"menu_order":0,"comment_status":"closed","ping_status":"closed","template":"","meta":{"_et_pb_use_builder":"on","_et_pb_old_content":"","_et_gb_content_width":"","footnotes":""},"class_list":["post-262163","page","type-page","status-publish","hentry"],"yoast_head":"<!-- This site is optimized with the Yoast SEO plugin v23.6 - https:\/\/yoast.com\/wordpress\/plugins\/seo\/ -->\n<title>Sobre N\u00f3s - Gr-100<\/title>\n<meta name=\"description\" content=\"Conhe\u00e7a a GR-100: A nossa paix\u00e3o \u00e9 proporcionar-lhe aventuras e experi\u00eancias \u00fanicas. Descubra quem somos e o que fazemos.\" \/>\n<meta name=\"robots\" content=\"index, follow, max-snippet:-1, max-image-preview:large, max-video-preview:-1\" \/>\n<link rel=\"canonical\" href=\"https:\/\/experience.gr-100.com\/nosotros\/\" \/>\n<meta property=\"og:locale\" content=\"pt_PT\" \/>\n<meta property=\"og:type\" content=\"article\" \/>\n<meta property=\"og:title\" content=\"Sobre N\u00f3s - Gr-100\" \/>\n<meta property=\"og:description\" content=\"Conhe\u00e7a a GR-100: A nossa paix\u00e3o \u00e9 proporcionar-lhe aventuras e experi\u00eancias \u00fanicas. Descubra quem somos e o que fazemos.\" \/>\n<meta property=\"og:url\" content=\"https:\/\/experience.gr-100.com\/nosotros\/\" \/>\n<meta property=\"og:site_name\" content=\"Gr-100\" \/>\n<meta property=\"article:publisher\" content=\"https:\/\/www.facebook.com\/Gr100Bikes\" \/>\n<meta property=\"article:modified_time\" content=\"2023-12-11T08:33:56+00:00\" \/>\n<meta name=\"twitter:card\" content=\"summary_large_image\" \/>\n<meta name=\"twitter:site\" content=\"@gr100mtbteam\" \/>\n<meta name=\"twitter:label1\" content=\"Tempo estimado de leitura\" \/>\n\t<meta name=\"twitter:data1\" content=\"8 minutos\" \/>\n<script type=\"application\/ld+json\" class=\"yoast-schema-graph\">{\"@context\":\"https:\/\/schema.org\",\"@graph\":[{\"@type\":\"WebPage\",\"@id\":\"https:\/\/experience.gr-100.com\/nosotros\/\",\"url\":\"https:\/\/experience.gr-100.com\/nosotros\/\",\"name\":\"Sobre N\u00f3s - Gr-100\",\"isPartOf\":{\"@id\":\"https:\/\/experience.gr-100.com\/#website\"},\"datePublished\":\"2023-09-12T10:10:06+00:00\",\"dateModified\":\"2023-12-11T08:33:56+00:00\",\"description\":\"Conhe\u00e7a a GR-100: A nossa paix\u00e3o \u00e9 proporcionar-lhe aventuras e experi\u00eancias \u00fanicas. Descubra quem somos e o que fazemos.\",\"breadcrumb\":{\"@id\":\"https:\/\/experience.gr-100.com\/nosotros\/#breadcrumb\"},\"inLanguage\":\"pt-PT\",\"potentialAction\":[{\"@type\":\"ReadAction\",\"target\":[\"https:\/\/experience.gr-100.com\/nosotros\/\"]}]},{\"@type\":\"BreadcrumbList\",\"@id\":\"https:\/\/experience.gr-100.com\/nosotros\/#breadcrumb\",\"itemListElement\":[{\"@type\":\"ListItem\",\"position\":1,\"name\":\"Portada\",\"item\":\"https:\/\/experience.gr-100.com\/\"},{\"@type\":\"ListItem\",\"position\":2,\"name\":\"Sobre N\u00f3s\"}]},{\"@type\":\"WebSite\",\"@id\":\"https:\/\/experience.gr-100.com\/#website\",\"url\":\"https:\/\/experience.gr-100.com\/\",\"name\":\"Experience Gr-100\",\"description\":\"\",\"publisher\":{\"@id\":\"https:\/\/experience.gr-100.com\/#organization\"},\"potentialAction\":[{\"@type\":\"SearchAction\",\"target\":{\"@type\":\"EntryPoint\",\"urlTemplate\":\"https:\/\/experience.gr-100.com\/?s={search_term_string}\"},\"query-input\":{\"@type\":\"PropertyValueSpecification\",\"valueRequired\":true,\"valueName\":\"search_term_string\"}}],\"inLanguage\":\"pt-PT\"},{\"@type\":\"Organization\",\"@id\":\"https:\/\/experience.gr-100.com\/#organization\",\"name\":\"Experience Gr-100\",\"url\":\"https:\/\/experience.gr-100.com\/\",\"logo\":{\"@type\":\"ImageObject\",\"inLanguage\":\"pt-PT\",\"@id\":\"https:\/\/experience.gr-100.com\/#\/schema\/logo\/image\/\",\"url\":\"https:\/\/experience.gr-100.com\/wp-content\/uploads\/2023\/09\/logo-gr-100-bikes-1.png\",\"contentUrl\":\"https:\/\/experience.gr-100.com\/wp-content\/uploads\/2023\/09\/logo-gr-100-bikes-1.png\",\"width\":150,\"height\":60,\"caption\":\"Experience Gr-100\"},\"image\":{\"@id\":\"https:\/\/experience.gr-100.com\/#\/schema\/logo\/image\/\"},\"sameAs\":[\"https:\/\/www.facebook.com\/Gr100Bikes\",\"https:\/\/x.com\/gr100mtbteam\",\"https:\/\/www.instagram.com\/gr100bikes\",\"https:\/\/www.tiktok.com\/@gr100bikes\",\"https:\/\/www.youtube.com\/c\/GR100Specialized\"]}]}<\/script>\n<!-- \/ Yoast SEO plugin. -->","yoast_head_json":{"title":"Sobre N\u00f3s - Gr-100","description":"Conhe\u00e7a a GR-100: A nossa paix\u00e3o \u00e9 proporcionar-lhe aventuras e experi\u00eancias \u00fanicas. Descubra quem somos e o que fazemos.","robots":{"index":"index","follow":"follow","max-snippet":"max-snippet:-1","max-image-preview":"max-image-preview:large","max-video-preview":"max-video-preview:-1"},"canonical":"https:\/\/experience.gr-100.com\/nosotros\/","og_locale":"pt_PT","og_type":"article","og_title":"Sobre N\u00f3s - Gr-100","og_description":"Conhe\u00e7a a GR-100: A nossa paix\u00e3o \u00e9 proporcionar-lhe aventuras e experi\u00eancias \u00fanicas. Descubra quem somos e o que fazemos.","og_url":"https:\/\/experience.gr-100.com\/nosotros\/","og_site_name":"Gr-100","article_publisher":"https:\/\/www.facebook.com\/Gr100Bikes","article_modified_time":"2023-12-11T08:33:56+00:00","twitter_card":"summary_large_image","twitter_site":"@gr100mtbteam","twitter_misc":{"Tempo estimado de leitura":"8 minutos"},"schema":{"@context":"https:\/\/schema.org","@graph":[{"@type":"WebPage","@id":"https:\/\/experience.gr-100.com\/nosotros\/","url":"https:\/\/experience.gr-100.com\/nosotros\/","name":"Sobre N\u00f3s - Gr-100","isPartOf":{"@id":"https:\/\/experience.gr-100.com\/#website"},"datePublished":"2023-09-12T10:10:06+00:00","dateModified":"2023-12-11T08:33:56+00:00","description":"Conhe\u00e7a a GR-100: A nossa paix\u00e3o \u00e9 proporcionar-lhe aventuras e experi\u00eancias \u00fanicas. Descubra quem somos e o que fazemos.","breadcrumb":{"@id":"https:\/\/experience.gr-100.com\/nosotros\/#breadcrumb"},"inLanguage":"pt-PT","potentialAction":[{"@type":"ReadAction","target":["https:\/\/experience.gr-100.com\/nosotros\/"]}]},{"@type":"BreadcrumbList","@id":"https:\/\/experience.gr-100.com\/nosotros\/#breadcrumb","itemListElement":[{"@type":"ListItem","position":1,"name":"Portada","item":"https:\/\/experience.gr-100.com\/"},{"@type":"ListItem","position":2,"name":"Sobre N\u00f3s"}]},{"@type":"WebSite","@id":"https:\/\/experience.gr-100.com\/#website","url":"https:\/\/experience.gr-100.com\/","name":"Experience Gr-100","description":"","publisher":{"@id":"https:\/\/experience.gr-100.com\/#organization"},"potentialAction":[{"@type":"SearchAction","target":{"@type":"EntryPoint","urlTemplate":"https:\/\/experience.gr-100.com\/?s={search_term_string}"},"query-input":{"@type":"PropertyValueSpecification","valueRequired":true,"valueName":"search_term_string"}}],"inLanguage":"pt-PT"},{"@type":"Organization","@id":"https:\/\/experience.gr-100.com\/#organization","name":"Experience Gr-100","url":"https:\/\/experience.gr-100.com\/","logo":{"@type":"ImageObject","inLanguage":"pt-PT","@id":"https:\/\/experience.gr-100.com\/#\/schema\/logo\/image\/","url":"https:\/\/experience.gr-100.com\/wp-content\/uploads\/2023\/09\/logo-gr-100-bikes-1.png","contentUrl":"https:\/\/experience.gr-100.com\/wp-content\/uploads\/2023\/09\/logo-gr-100-bikes-1.png","width":150,"height":60,"caption":"Experience Gr-100"},"image":{"@id":"https:\/\/experience.gr-100.com\/#\/schema\/logo\/image\/"},"sameAs":["https:\/\/www.facebook.com\/Gr100Bikes","https:\/\/x.com\/gr100mtbteam","https:\/\/www.instagram.com\/gr100bikes","https:\/\/www.tiktok.com\/@gr100bikes","https:\/\/www.youtube.com\/c\/GR100Specialized"]}]}},"_links":{"self":[{"href":"https:\/\/experience.gr-100.com\/pt-pt\/wp-json\/wp\/v2\/pages\/262163","targetHints":{"allow":["GET"]}}],"collection":[{"href":"https:\/\/experience.gr-100.com\/pt-pt\/wp-json\/wp\/v2\/pages"}],"about":[{"href":"https:\/\/experience.gr-100.com\/pt-pt\/wp-json\/wp\/v2\/types\/page"}],"author":[{"embeddable":true,"href":"https:\/\/experience.gr-100.com\/pt-pt\/wp-json\/wp\/v2\/users\/5"}],"replies":[{"embeddable":true,"href":"https:\/\/experience.gr-100.com\/pt-pt\/wp-json\/wp\/v2\/comments?post=262163"}],"version-history":[{"count":12,"href":"https:\/\/experience.gr-100.com\/pt-pt\/wp-json\/wp\/v2\/pages\/262163\/revisions"}],"predecessor-version":[{"id":262469,"href":"https:\/\/experience.gr-100.com\/pt-pt\/wp-json\/wp\/v2\/pages\/262163\/revisions\/262469"}],"wp:attachment":[{"href":"https:\/\/experience.gr-100.com\/pt-pt\/wp-json\/wp\/v2\/media?parent=262163"}],"curies":[{"name":"wp","href":"https:\/\/api.w.org\/{rel}","templated":true}]}}