{"id":262167,"date":"2023-10-06T11:33:56","date_gmt":"2023-10-06T11:33:56","guid":{"rendered":"https:\/\/experience.gr-100.com\/organiza-tu-evento\/"},"modified":"2023-12-02T15:04:48","modified_gmt":"2023-12-02T15:04:48","slug":"organiza-tu-evento","status":"publish","type":"page","link":"https:\/\/experience.gr-100.com\/pt-pt\/organiza-tu-evento\/","title":{"rendered":"Organize o seu evento"},"content":{"rendered":"<p>[et_pb_section fb_built=&#8221;1&#8243; _builder_version=&#8221;4.22.2&#8243; _module_preset=&#8221;default&#8221; custom_margin=&#8221;100px||||false|false&#8221; custom_padding=&#8221;0px||0px||false|false&#8221; global_colors_info=&#8221;{}&#8221;][et_pb_row _builder_version=&#8221;4.22.1&#8243; _module_preset=&#8221;default&#8221; global_colors_info=&#8221;{}&#8221;][et_pb_column type=&#8221;4_4&#8243; _builder_version=&#8221;4.22.1&#8243; _module_preset=&#8221;default&#8221; global_colors_info=&#8221;{}&#8221;][et_pb_text admin_label=&#8221;Titulo Pagina&#8221; _builder_version=&#8221;4.22.1&#8243; _module_preset=&#8221;default&#8221; header_font=&#8221;|700|||||||&#8221; header_text_align=&#8221;center&#8221; header_font_size=&#8221;3.5em&#8221; header_text_color_tablet=&#8221;&#8221; header_text_color_phone=&#8221;&#8221; header_text_color_last_edited=&#8221;on|desktop&#8221; header_font_size_tablet=&#8221;3.5em&#8221; header_font_size_phone=&#8221;2.5em&#8221; header_font_size_last_edited=&#8221;on|phone&#8221; custom_css_before=&#8221;position: absolute;||    bottom: -5px;||    left: 40%;||    right: 40%;||    height: 4px;||    background: #E73B1A;||    content: %22%22;&#8221; locked=&#8221;off&#8221; global_colors_info=&#8221;{}&#8221;]<\/p>\n<h1>ORGANIZAR<\/h1>\n<h1>O SEU EVENTO<\/h1>\n<p>[\/et_pb_text][\/et_pb_column][\/et_pb_row][\/et_pb_section][et_pb_section fb_built=&#8221;1&#8243; custom_padding_last_edited=&#8221;on|phone&#8221; _builder_version=&#8221;4.22.1&#8243; _module_preset=&#8221;default&#8221; custom_padding=&#8221;30px||30px||false|false&#8221; custom_padding_tablet=&#8221;30px||30px||false|false&#8221; custom_padding_phone=&#8221;0px||0px||false|false&#8221; locked=&#8221;off&#8221; global_colors_info=&#8221;{}&#8221;][et_pb_row _builder_version=&#8221;4.22.1&#8243; _module_preset=&#8221;default&#8221; max_width=&#8221;750px&#8221; global_colors_info=&#8221;{}&#8221;][et_pb_column type=&#8221;4_4&#8243; _builder_version=&#8221;4.22.1&#8243; _module_preset=&#8221;default&#8221; global_colors_info=&#8221;{}&#8221;][et_pb_text _builder_version=&#8221;4.22.1&#8243; _module_preset=&#8221;default&#8221; text_font=&#8221;||on||||||&#8221; text_font_size=&#8221;1.5em&#8221; global_colors_info=&#8221;{}&#8221;]<\/p>\n<p style=\"text-align: center;\">Est\u00e1 a planear uma atividade de teambuilding para a sua empresa? Uma despedida? Uma viagem de grupo?<\/p>\n<p style=\"text-align: center;\">Concebemos um percurso adaptado \u00e0s suas necessidades para que o seu evento seja n\u00e3o s\u00f3 super diferente como tamb\u00e9m uma aventura inesquec\u00edvel.<\/p>\n<p>[\/et_pb_text][\/et_pb_column][\/et_pb_row][\/et_pb_section][et_pb_section fb_built=&#8221;1&#8243; custom_padding_last_edited=&#8221;on|phone&#8221; _builder_version=&#8221;4.22.1&#8243; _module_preset=&#8221;default&#8221; custom_padding=&#8221;30px||30px||false|false&#8221; custom_padding_tablet=&#8221;30px||30px||false|false&#8221; custom_padding_phone=&#8221;0px||0px||false|false&#8221; locked=&#8221;off&#8221; global_colors_info=&#8221;{}&#8221;][et_pb_row column_structure=&#8221;1_3,1_3,1_3&#8243; use_custom_gutter=&#8221;on&#8221; gutter_width=&#8221;4&#8243; _builder_version=&#8221;4.22.1&#8243; _module_preset=&#8221;default&#8221; max_width=&#8221;750px&#8221; global_colors_info=&#8221;{}&#8221;][et_pb_column type=&#8221;1_3&#8243; _builder_version=&#8221;4.22.1&#8243; _module_preset=&#8221;default&#8221; global_colors_info=&#8221;{}&#8221;][et_pb_image src=&#8221;https:\/\/experience.gr-100.com\/wp-content\/uploads\/2023\/09\/icono-equipacion.png&#8221; title_text=&#8221;\u00edcone-equipamento&#8221; align=&#8221;center&#8221; _builder_version=&#8221;4.22.1&#8243; _module_preset=&#8221;default&#8221; max_height=&#8221;70px&#8221; global_colors_info=&#8221;{}&#8221;][\/et_pb_image][et_pb_text _builder_version=&#8221;4.22.1&#8243; _module_preset=&#8221;default&#8221; text_text_color=&#8221;#E73B1A&#8221; global_colors_info=&#8221;{}&#8221;]<\/p>\n<p style=\"text-align: center;\">Os nossos eventos s\u00e3o conduzidos por guias qualificados e adaptados \u00e0s necessidades de cada cliente.<\/p>\n<p>[\/et_pb_text][\/et_pb_column][et_pb_column type=&#8221;1_3&#8243; _builder_version=&#8221;4.22.1&#8243; _module_preset=&#8221;default&#8221; global_colors_info=&#8221;{}&#8221;][et_pb_image src=&#8221;https:\/\/experience.gr-100.com\/wp-content\/uploads\/2023\/09\/icono-cantimplora.png&#8221; title_text=&#8221;\u00edcone-cantina&#8221; align=&#8221;center&#8221; _builder_version=&#8221;4.22.1&#8243; _module_preset=&#8221;default&#8221; max_height=&#8221;70px&#8221; global_colors_info=&#8221;{}&#8221;][\/et_pb_image][et_pb_text _builder_version=&#8221;4.22.1&#8243; _module_preset=&#8221;default&#8221; text_text_color=&#8221;#E73B1A&#8221; global_colors_info=&#8221;{}&#8221;]<\/p>\n<p style=\"text-align: center;\">Todos os nossos percursos incluem refei\u00e7\u00f5es ligeiras e servi\u00e7o de assist\u00eancia t\u00e9cnica com o ve\u00edculo.<\/p>\n<p>[\/et_pb_text][\/et_pb_column][et_pb_column type=&#8221;1_3&#8243; _builder_version=&#8221;4.22.1&#8243; _module_preset=&#8221;default&#8221; global_colors_info=&#8221;{}&#8221;][et_pb_image src=&#8221;https:\/\/experience.gr-100.com\/wp-content\/uploads\/2023\/09\/icono-bici.png&#8221; title_text=&#8221;\u00edcone-bicicleta&#8221; align=&#8221;center&#8221; _builder_version=&#8221;4.22.1&#8243; _module_preset=&#8221;default&#8221; max_height=&#8221;70px&#8221; global_colors_info=&#8221;{}&#8221;][\/et_pb_image][et_pb_text _builder_version=&#8221;4.22.1&#8243; _module_preset=&#8221;default&#8221; text_text_color=&#8221;#E73B1A&#8221; global_colors_info=&#8221;{}&#8221;]<\/p>\n<p style=\"text-align: center;\">Dispomos de bicicletas de aluguer para aproveitar ao m\u00e1ximo a atividade.<\/p>\n<p>[\/et_pb_text][\/et_pb_column][\/et_pb_row][\/et_pb_section][et_pb_section fb_built=&#8221;1&#8243; _builder_version=&#8221;4.22.2&#8243; _module_preset=&#8221;default&#8221; custom_padding=&#8221;0px||100px||false|false&#8221; hover_enabled=&#8221;0&#8243; locked=&#8221;off&#8221; global_colors_info=&#8221;{}&#8221; sticky_enabled=&#8221;0&#8243;][et_pb_row _builder_version=&#8221;4.22.1&#8243; _module_preset=&#8221;default&#8221; max_width=&#8221;400px&#8221; global_colors_info=&#8221;{}&#8221;][et_pb_column type=&#8221;4_4&#8243; _builder_version=&#8221;4.22.1&#8243; _module_preset=&#8221;default&#8221; global_colors_info=&#8221;{}&#8221;][et_pb_text _builder_version=&#8221;4.22.1&#8243; _module_preset=&#8221;default&#8221; text_font=&#8221;||on||||||&#8221; text_font_size=&#8221;1.5em&#8221; global_colors_info=&#8221;{}&#8221;]<\/p>\n<p style=\"text-align: center;\">Conte-nos a sua ideia e n\u00f3s ajudamo-lo a organizar o evento perfeito.<\/p>\n<p>[\/et_pb_text][et_pb_button button_text=&#8221;SOLICITAR UM OR\u00c7AMENTO&#8221; button_alignment=&#8221;center&#8221; _builder_version=&#8221;4.22.2&#8243; _module_preset=&#8221;default&#8221; custom_button=&#8221;on&#8221; button_text_size=&#8221;1.1em&#8221; button_text_color=&#8221;#FFFFFF&#8221; button_bg_color=&#8221;#e93337&#8243; button_border_radius=&#8221;25px&#8221; button_font=&#8221;|300|on||||||&#8221; custom_margin=&#8221;30px||||false|false&#8221; custom_padding=&#8221;10px|30px|10px|30px|false|false&#8221; hover_enabled=&#8221;0&#8243; global_colors_info=&#8221;{}&#8221; button_url=&#8221;#ctc_chat&#8221; sticky_enabled=&#8221;0&#8243;][\/et_pb_button][\/et_pb_column][\/et_pb_row][\/et_pb_section]<\/p>\n","protected":false},"excerpt":{"rendered":"<p>ORGANIZAR O SEU EVENTOEst\u00e1 a planear uma atividade de teambuilding para a sua empresa? Uma despedida? Uma viagem de grupo? Concebemos um percurso adaptado \u00e0s suas necessidades para que o seu evento seja n\u00e3o s\u00f3 super diferente como tamb\u00e9m uma aventura inesquec\u00edvel.Os nossos eventos s\u00e3o conduzidos por guias qualificados e adaptados \u00e0s necessidades de cada [&hellip;]<\/p>\n","protected":false},"author":5,"featured_media":0,"parent":0,"menu_order":0,"comment_status":"closed","ping_status":"closed","template":"","meta":{"_et_pb_use_builder":"on","_et_pb_old_content":"","_et_gb_content_width":"","footnotes":""},"class_list":["post-262167","page","type-page","status-publish","hentry"],"yoast_head":"<!-- This site is optimized with the Yoast SEO plugin v23.6 - https:\/\/yoast.com\/wordpress\/plugins\/seo\/ -->\n<title>Organize o seu evento - Gr-100<\/title>\n<meta name=\"description\" content=\"Organize o seu evento no GR-100: um local perfeito para reuni\u00f5es, celebra\u00e7\u00f5es e experi\u00eancias memor\u00e1veis na natureza.\" \/>\n<meta name=\"robots\" content=\"index, follow, max-snippet:-1, max-image-preview:large, max-video-preview:-1\" \/>\n<link rel=\"canonical\" href=\"https:\/\/experience.gr-100.com\/pt-pt\/organiza-tu-evento\/\" \/>\n<meta property=\"og:locale\" content=\"pt_PT\" \/>\n<meta property=\"og:type\" content=\"article\" \/>\n<meta property=\"og:title\" content=\"Organize o seu evento - Gr-100\" \/>\n<meta property=\"og:description\" content=\"Organize o seu evento no GR-100: um local perfeito para reuni\u00f5es, celebra\u00e7\u00f5es e experi\u00eancias memor\u00e1veis na natureza.\" \/>\n<meta property=\"og:url\" content=\"https:\/\/experience.gr-100.com\/pt-pt\/organiza-tu-evento\/\" \/>\n<meta property=\"og:site_name\" content=\"Gr-100\" \/>\n<meta property=\"article:publisher\" content=\"https:\/\/www.facebook.com\/Gr100Bikes\" \/>\n<meta property=\"article:modified_time\" content=\"2023-12-02T15:04:48+00:00\" \/>\n<meta name=\"twitter:card\" content=\"summary_large_image\" \/>\n<meta name=\"twitter:site\" content=\"@gr100mtbteam\" \/>\n<meta name=\"twitter:label1\" content=\"Tempo estimado de leitura\" \/>\n\t<meta name=\"twitter:data1\" content=\"4 minutos\" \/>\n<script type=\"application\/ld+json\" class=\"yoast-schema-graph\">{\"@context\":\"https:\/\/schema.org\",\"@graph\":[{\"@type\":\"WebPage\",\"@id\":\"https:\/\/experience.gr-100.com\/pt-pt\/organiza-tu-evento\/\",\"url\":\"https:\/\/experience.gr-100.com\/pt-pt\/organiza-tu-evento\/\",\"name\":\"Organize o seu evento - Gr-100\",\"isPartOf\":{\"@id\":\"https:\/\/experience.gr-100.com\/#website\"},\"datePublished\":\"2023-10-06T11:33:56+00:00\",\"dateModified\":\"2023-12-02T15:04:48+00:00\",\"description\":\"Organize o seu evento no GR-100: um local perfeito para reuni\u00f5es, celebra\u00e7\u00f5es e experi\u00eancias memor\u00e1veis na natureza.\",\"breadcrumb\":{\"@id\":\"https:\/\/experience.gr-100.com\/pt-pt\/organiza-tu-evento\/#breadcrumb\"},\"inLanguage\":\"pt-PT\",\"potentialAction\":[{\"@type\":\"ReadAction\",\"target\":[\"https:\/\/experience.gr-100.com\/pt-pt\/organiza-tu-evento\/\"]}]},{\"@type\":\"BreadcrumbList\",\"@id\":\"https:\/\/experience.gr-100.com\/pt-pt\/organiza-tu-evento\/#breadcrumb\",\"itemListElement\":[{\"@type\":\"ListItem\",\"position\":1,\"name\":\"Portada\",\"item\":\"https:\/\/experience.gr-100.com\/\"},{\"@type\":\"ListItem\",\"position\":2,\"name\":\"Organize o seu evento\"}]},{\"@type\":\"WebSite\",\"@id\":\"https:\/\/experience.gr-100.com\/#website\",\"url\":\"https:\/\/experience.gr-100.com\/\",\"name\":\"Experience Gr-100\",\"description\":\"\",\"publisher\":{\"@id\":\"https:\/\/experience.gr-100.com\/#organization\"},\"potentialAction\":[{\"@type\":\"SearchAction\",\"target\":{\"@type\":\"EntryPoint\",\"urlTemplate\":\"https:\/\/experience.gr-100.com\/?s={search_term_string}\"},\"query-input\":{\"@type\":\"PropertyValueSpecification\",\"valueRequired\":true,\"valueName\":\"search_term_string\"}}],\"inLanguage\":\"pt-PT\"},{\"@type\":\"Organization\",\"@id\":\"https:\/\/experience.gr-100.com\/#organization\",\"name\":\"Experience Gr-100\",\"url\":\"https:\/\/experience.gr-100.com\/\",\"logo\":{\"@type\":\"ImageObject\",\"inLanguage\":\"pt-PT\",\"@id\":\"https:\/\/experience.gr-100.com\/#\/schema\/logo\/image\/\",\"url\":\"https:\/\/experience.gr-100.com\/wp-content\/uploads\/2023\/09\/logo-gr-100-bikes-1.png\",\"contentUrl\":\"https:\/\/experience.gr-100.com\/wp-content\/uploads\/2023\/09\/logo-gr-100-bikes-1.png\",\"width\":150,\"height\":60,\"caption\":\"Experience Gr-100\"},\"image\":{\"@id\":\"https:\/\/experience.gr-100.com\/#\/schema\/logo\/image\/\"},\"sameAs\":[\"https:\/\/www.facebook.com\/Gr100Bikes\",\"https:\/\/x.com\/gr100mtbteam\",\"https:\/\/www.instagram.com\/gr100bikes\",\"https:\/\/www.tiktok.com\/@gr100bikes\",\"https:\/\/www.youtube.com\/c\/GR100Specialized\"]}]}<\/script>\n<!-- \/ Yoast SEO plugin. -->","yoast_head_json":{"title":"Organize o seu evento - Gr-100","description":"Organize o seu evento no GR-100: um local perfeito para reuni\u00f5es, celebra\u00e7\u00f5es e experi\u00eancias memor\u00e1veis na natureza.","robots":{"index":"index","follow":"follow","max-snippet":"max-snippet:-1","max-image-preview":"max-image-preview:large","max-video-preview":"max-video-preview:-1"},"canonical":"https:\/\/experience.gr-100.com\/pt-pt\/organiza-tu-evento\/","og_locale":"pt_PT","og_type":"article","og_title":"Organize o seu evento - Gr-100","og_description":"Organize o seu evento no GR-100: um local perfeito para reuni\u00f5es, celebra\u00e7\u00f5es e experi\u00eancias memor\u00e1veis na natureza.","og_url":"https:\/\/experience.gr-100.com\/pt-pt\/organiza-tu-evento\/","og_site_name":"Gr-100","article_publisher":"https:\/\/www.facebook.com\/Gr100Bikes","article_modified_time":"2023-12-02T15:04:48+00:00","twitter_card":"summary_large_image","twitter_site":"@gr100mtbteam","twitter_misc":{"Tempo estimado de leitura":"4 minutos"},"schema":{"@context":"https:\/\/schema.org","@graph":[{"@type":"WebPage","@id":"https:\/\/experience.gr-100.com\/pt-pt\/organiza-tu-evento\/","url":"https:\/\/experience.gr-100.com\/pt-pt\/organiza-tu-evento\/","name":"Organize o seu evento - Gr-100","isPartOf":{"@id":"https:\/\/experience.gr-100.com\/#website"},"datePublished":"2023-10-06T11:33:56+00:00","dateModified":"2023-12-02T15:04:48+00:00","description":"Organize o seu evento no GR-100: um local perfeito para reuni\u00f5es, celebra\u00e7\u00f5es e experi\u00eancias memor\u00e1veis na natureza.","breadcrumb":{"@id":"https:\/\/experience.gr-100.com\/pt-pt\/organiza-tu-evento\/#breadcrumb"},"inLanguage":"pt-PT","potentialAction":[{"@type":"ReadAction","target":["https:\/\/experience.gr-100.com\/pt-pt\/organiza-tu-evento\/"]}]},{"@type":"BreadcrumbList","@id":"https:\/\/experience.gr-100.com\/pt-pt\/organiza-tu-evento\/#breadcrumb","itemListElement":[{"@type":"ListItem","position":1,"name":"Portada","item":"https:\/\/experience.gr-100.com\/"},{"@type":"ListItem","position":2,"name":"Organize o seu evento"}]},{"@type":"WebSite","@id":"https:\/\/experience.gr-100.com\/#website","url":"https:\/\/experience.gr-100.com\/","name":"Experience Gr-100","description":"","publisher":{"@id":"https:\/\/experience.gr-100.com\/#organization"},"potentialAction":[{"@type":"SearchAction","target":{"@type":"EntryPoint","urlTemplate":"https:\/\/experience.gr-100.com\/?s={search_term_string}"},"query-input":{"@type":"PropertyValueSpecification","valueRequired":true,"valueName":"search_term_string"}}],"inLanguage":"pt-PT"},{"@type":"Organization","@id":"https:\/\/experience.gr-100.com\/#organization","name":"Experience Gr-100","url":"https:\/\/experience.gr-100.com\/","logo":{"@type":"ImageObject","inLanguage":"pt-PT","@id":"https:\/\/experience.gr-100.com\/#\/schema\/logo\/image\/","url":"https:\/\/experience.gr-100.com\/wp-content\/uploads\/2023\/09\/logo-gr-100-bikes-1.png","contentUrl":"https:\/\/experience.gr-100.com\/wp-content\/uploads\/2023\/09\/logo-gr-100-bikes-1.png","width":150,"height":60,"caption":"Experience Gr-100"},"image":{"@id":"https:\/\/experience.gr-100.com\/#\/schema\/logo\/image\/"},"sameAs":["https:\/\/www.facebook.com\/Gr100Bikes","https:\/\/x.com\/gr100mtbteam","https:\/\/www.instagram.com\/gr100bikes","https:\/\/www.tiktok.com\/@gr100bikes","https:\/\/www.youtube.com\/c\/GR100Specialized"]}]}},"_links":{"self":[{"href":"https:\/\/experience.gr-100.com\/pt-pt\/wp-json\/wp\/v2\/pages\/262167","targetHints":{"allow":["GET"]}}],"collection":[{"href":"https:\/\/experience.gr-100.com\/pt-pt\/wp-json\/wp\/v2\/pages"}],"about":[{"href":"https:\/\/experience.gr-100.com\/pt-pt\/wp-json\/wp\/v2\/types\/page"}],"author":[{"embeddable":true,"href":"https:\/\/experience.gr-100.com\/pt-pt\/wp-json\/wp\/v2\/users\/5"}],"replies":[{"embeddable":true,"href":"https:\/\/experience.gr-100.com\/pt-pt\/wp-json\/wp\/v2\/comments?post=262167"}],"version-history":[{"count":4,"href":"https:\/\/experience.gr-100.com\/pt-pt\/wp-json\/wp\/v2\/pages\/262167\/revisions"}],"predecessor-version":[{"id":262234,"href":"https:\/\/experience.gr-100.com\/pt-pt\/wp-json\/wp\/v2\/pages\/262167\/revisions\/262234"}],"wp:attachment":[{"href":"https:\/\/experience.gr-100.com\/pt-pt\/wp-json\/wp\/v2\/media?parent=262167"}],"curies":[{"name":"wp","href":"https:\/\/api.w.org\/{rel}","templated":true}]}}