{"id":262183,"date":"2023-10-06T13:20:29","date_gmt":"2023-10-06T13:20:29","guid":{"rendered":"https:\/\/experience.gr-100.com\/test-drive\/"},"modified":"2023-12-02T18:02:14","modified_gmt":"2023-12-02T18:02:14","slug":"test-drive","status":"publish","type":"page","link":"https:\/\/experience.gr-100.com\/pt-pt\/test-drive\/","title":{"rendered":"Test Drive"},"content":{"rendered":"<p>[et_pb_section fb_built=&#8221;1&#8243; admin_label=&#8221;section&#8221; _builder_version=&#8221;4.22.2&#8243; background_color=&#8221;#000000&#8243; background_image=&#8221;https:\/\/experience.gr-100.com\/wp-content\/uploads\/2023\/09\/1000_F_574643074_osUVw5PRgaLpTngqw9sX4N31k0BR5Gf4.jpeg&#8221; background_position=&#8221;bottom_center&#8221; background_vertical_offset=&#8221;5%&#8221; height=&#8221;85vh&#8221; max_height=&#8221;850px&#8221; custom_margin=&#8221;50px||||false|false&#8221; custom_margin_tablet=&#8221;&#8221; custom_margin_phone=&#8221;50px||0px||false|false&#8221; custom_margin_last_edited=&#8221;on|phone&#8221; custom_padding=&#8221;||||false|false&#8221; custom_css_before=&#8221;position: absolute;||content: %22%22;||top:0;||bottom: 0;||left: 0;||right: 0;||background: #000;||opacity: 0.25;&#8221; custom_css_main_element=&#8221;position: relative;&#8221; locked=&#8221;off&#8221; collapsed=&#8221;off&#8221; global_colors_info=&#8221;{}&#8221;][et_pb_row _builder_version=&#8221;4.22.1&#8243; _module_preset=&#8221;default&#8221; positioning=&#8221;absolute&#8221; position_origin_a=&#8221;bottom_center&#8221; vertical_offset=&#8221;150px&#8221; global_colors_info=&#8221;{}&#8221;][et_pb_column type=&#8221;4_4&#8243; _builder_version=&#8221;4.22.1&#8243; _module_preset=&#8221;default&#8221; global_colors_info=&#8221;{}&#8221;][et_pb_text _builder_version=&#8221;4.22.1&#8243; _module_preset=&#8221;default&#8221; header_font=&#8221;|700|||||||&#8221; header_text_color=&#8221;#FFFFFF&#8221; header_font_size=&#8221;4.7em&#8221; header_font_size_tablet=&#8221;4em&#8221; header_font_size_phone=&#8221;3em&#8221; header_font_size_last_edited=&#8221;on|phone&#8221; global_colors_info=&#8221;{}&#8221;]<\/p>\n<h1 style=\"text-align: center;\">TEST DRIVE<\/h1>\n<p>[\/et_pb_text][et_pb_image src=&#8221;https:\/\/experience.gr-100.com\/wp-content\/uploads\/2023\/09\/gr-100-2.png&#8221; title_text=&#8221;gr-100-2&#8243; align=&#8221;center&#8221; _builder_version=&#8221;4.22.1&#8243; _module_preset=&#8221;default&#8221; max_height=&#8221;50px&#8221; global_colors_info=&#8221;{}&#8221;][\/et_pb_image][\/et_pb_column][\/et_pb_row][\/et_pb_section][et_pb_section fb_built=&#8221;1&#8243; custom_padding_last_edited=&#8221;on|phone&#8221; _builder_version=&#8221;4.22.1&#8243; _module_preset=&#8221;default&#8221; custom_padding=&#8221;80px||80px||false|false&#8221; custom_padding_tablet=&#8221;80px||80px||false|false&#8221; custom_padding_phone=&#8221;0px||0px||false|false&#8221; global_colors_info=&#8221;{}&#8221;][et_pb_row _builder_version=&#8221;4.22.1&#8243; _module_preset=&#8221;default&#8221; max_width=&#8221;800px&#8221; global_colors_info=&#8221;{}&#8221;][et_pb_column type=&#8221;4_4&#8243; _builder_version=&#8221;4.22.1&#8243; _module_preset=&#8221;default&#8221; global_colors_info=&#8221;{}&#8221;][et_pb_text _builder_version=&#8221;4.22.1&#8243; _module_preset=&#8221;default&#8221; text_font=&#8221;|600|on||||||&#8221; text_font_size=&#8221;1.4em&#8221; global_colors_info=&#8221;{}&#8221;]<\/p>\n<p style=\"text-align: center;\">Tem d\u00favidas antes de comprar a sua nova bicicleta? Gostaria de experimentar antes de comprar?<\/p>\n<p style=\"text-align: center;\">Veja os modelos de teste que temos \u00e0 sua disposi\u00e7\u00e3o no nosso Centro de Experi\u00eancia atrav\u00e9s da GR-100<\/p>\n<p>[\/et_pb_text][\/et_pb_column][\/et_pb_row][\/et_pb_section][et_pb_section fb_built=&#8221;1&#8243; _builder_version=&#8221;4.22.1&#8243; _module_preset=&#8221;default&#8221; custom_margin=&#8221;||200px||false|false&#8221; custom_margin_tablet=&#8221;||200px||false|false&#8221; custom_margin_phone=&#8221;||50px||false|false&#8221; custom_margin_last_edited=&#8221;on|phone&#8221; global_colors_info=&#8221;{}&#8221;][et_pb_row _builder_version=&#8221;4.22.1&#8243; _module_preset=&#8221;default&#8221; custom_margin_tablet=&#8221;&#8221; custom_margin_phone=&#8221;0px||0px||false|false&#8221; custom_margin_last_edited=&#8221;on|phone&#8221; custom_padding=&#8221;0px||0px||false|false&#8221; global_colors_info=&#8221;{}&#8221;][et_pb_column type=&#8221;4_4&#8243; _builder_version=&#8221;4.22.1&#8243; _module_preset=&#8221;default&#8221; global_colors_info=&#8221;{}&#8221;][et_pb_button button_text=&#8221;VER V\u00cdDEO&#8221; button_alignment=&#8221;center&#8221; _builder_version=&#8221;4.22.2&#8243; _module_preset=&#8221;default&#8221; custom_button=&#8221;on&#8221; button_text_size=&#8221;1.1em&#8221; button_text_color=&#8221;#E73B1A&#8221; button_bg_color=&#8221;#FFFFFF&#8221; button_border_radius=&#8221;25px&#8221; button_font=&#8221;||on||||||&#8221; custom_margin=&#8221;||||false|false&#8221; custom_padding=&#8221;10px|30px|10px|30px|false|false&#8221; hover_enabled=&#8221;0&#8243; global_colors_info=&#8221;{}&#8221; button_url=&#8221; https:\/\/www.youtube.com\/watch?v=BTefXgEdRNA&#8221; url_new_window=&#8221;on&#8221; sticky_enabled=&#8221;0&#8243;][\/et_pb_button][et_pb_button button_text=&#8221;SOLICITAR UM TEST DRIVE&#8221; button_alignment=&#8221;center&#8221; _builder_version=&#8221;4.22.2&#8243; _module_preset=&#8221;default&#8221; custom_button=&#8221;on&#8221; button_text_size=&#8221;1.1em&#8221; button_text_color=&#8221;#FFFFFF&#8221; button_bg_color=&#8221;#e93337&#8243; button_border_radius=&#8221;25px&#8221; button_font=&#8221;|300|on||||||&#8221; custom_margin=&#8221;||||false|false&#8221; custom_padding=&#8221;10px|30px|10px|30px|false|false&#8221; hover_enabled=&#8221;0&#8243; global_colors_info=&#8221;{}&#8221; button_url=&#8221;#ctc_chat&#8221; sticky_enabled=&#8221;0&#8243;][\/et_pb_button][\/et_pb_column][\/et_pb_row][\/et_pb_section]<\/p>\n","protected":false},"excerpt":{"rendered":"<p>TEST DRIVETem d\u00favidas antes de comprar a sua nova bicicleta? Gostaria de experimentar antes de comprar? Veja os modelos de teste que temos \u00e0 sua disposi\u00e7\u00e3o no nosso Centro de Experi\u00eancia atrav\u00e9s da GR-100<\/p>\n","protected":false},"author":5,"featured_media":0,"parent":0,"menu_order":0,"comment_status":"closed","ping_status":"closed","template":"","meta":{"_et_pb_use_builder":"on","_et_pb_old_content":"","_et_gb_content_width":"","footnotes":""},"class_list":["post-262183","page","type-page","status-publish","hentry"],"yoast_head":"<!-- This site is optimized with the Yoast SEO plugin v23.6 - https:\/\/yoast.com\/wordpress\/plugins\/seo\/ -->\n<title>Test Drive - Gr-100<\/title>\n<meta name=\"description\" content=\"Experimente a experi\u00eancia GR-100: uma viagem de aventura e cultura espera por si. Reserve o seu test drive hoje mesmo!\" \/>\n<meta name=\"robots\" content=\"index, follow, max-snippet:-1, max-image-preview:large, max-video-preview:-1\" \/>\n<link rel=\"canonical\" href=\"https:\/\/experience.gr-100.com\/pt-pt\/test-drive\/\" \/>\n<meta property=\"og:locale\" content=\"pt_PT\" \/>\n<meta property=\"og:type\" content=\"article\" \/>\n<meta property=\"og:title\" content=\"Test Drive - Gr-100\" \/>\n<meta property=\"og:description\" content=\"Experimente a experi\u00eancia GR-100: uma viagem de aventura e cultura espera por si. Reserve o seu test drive hoje mesmo!\" \/>\n<meta property=\"og:url\" content=\"https:\/\/experience.gr-100.com\/pt-pt\/test-drive\/\" \/>\n<meta property=\"og:site_name\" content=\"Gr-100\" \/>\n<meta property=\"article:publisher\" content=\"https:\/\/www.facebook.com\/Gr100Bikes\" \/>\n<meta property=\"article:modified_time\" content=\"2023-12-02T18:02:14+00:00\" \/>\n<meta name=\"twitter:card\" content=\"summary_large_image\" \/>\n<meta name=\"twitter:site\" content=\"@gr100mtbteam\" \/>\n<meta name=\"twitter:label1\" content=\"Tempo estimado de leitura\" \/>\n\t<meta name=\"twitter:data1\" content=\"3 minutos\" \/>\n<script type=\"application\/ld+json\" class=\"yoast-schema-graph\">{\"@context\":\"https:\/\/schema.org\",\"@graph\":[{\"@type\":\"WebPage\",\"@id\":\"https:\/\/experience.gr-100.com\/pt-pt\/test-drive\/\",\"url\":\"https:\/\/experience.gr-100.com\/pt-pt\/test-drive\/\",\"name\":\"Test Drive - Gr-100\",\"isPartOf\":{\"@id\":\"https:\/\/experience.gr-100.com\/#website\"},\"datePublished\":\"2023-10-06T13:20:29+00:00\",\"dateModified\":\"2023-12-02T18:02:14+00:00\",\"description\":\"Experimente a experi\u00eancia GR-100: uma viagem de aventura e cultura espera por si. Reserve o seu test drive hoje mesmo!\",\"breadcrumb\":{\"@id\":\"https:\/\/experience.gr-100.com\/pt-pt\/test-drive\/#breadcrumb\"},\"inLanguage\":\"pt-PT\",\"potentialAction\":[{\"@type\":\"ReadAction\",\"target\":[\"https:\/\/experience.gr-100.com\/pt-pt\/test-drive\/\"]}]},{\"@type\":\"BreadcrumbList\",\"@id\":\"https:\/\/experience.gr-100.com\/pt-pt\/test-drive\/#breadcrumb\",\"itemListElement\":[{\"@type\":\"ListItem\",\"position\":1,\"name\":\"Portada\",\"item\":\"https:\/\/experience.gr-100.com\/\"},{\"@type\":\"ListItem\",\"position\":2,\"name\":\"Test Drive\"}]},{\"@type\":\"WebSite\",\"@id\":\"https:\/\/experience.gr-100.com\/#website\",\"url\":\"https:\/\/experience.gr-100.com\/\",\"name\":\"Experience Gr-100\",\"description\":\"\",\"publisher\":{\"@id\":\"https:\/\/experience.gr-100.com\/#organization\"},\"potentialAction\":[{\"@type\":\"SearchAction\",\"target\":{\"@type\":\"EntryPoint\",\"urlTemplate\":\"https:\/\/experience.gr-100.com\/?s={search_term_string}\"},\"query-input\":{\"@type\":\"PropertyValueSpecification\",\"valueRequired\":true,\"valueName\":\"search_term_string\"}}],\"inLanguage\":\"pt-PT\"},{\"@type\":\"Organization\",\"@id\":\"https:\/\/experience.gr-100.com\/#organization\",\"name\":\"Experience Gr-100\",\"url\":\"https:\/\/experience.gr-100.com\/\",\"logo\":{\"@type\":\"ImageObject\",\"inLanguage\":\"pt-PT\",\"@id\":\"https:\/\/experience.gr-100.com\/#\/schema\/logo\/image\/\",\"url\":\"https:\/\/experience.gr-100.com\/wp-content\/uploads\/2023\/09\/logo-gr-100-bikes-1.png\",\"contentUrl\":\"https:\/\/experience.gr-100.com\/wp-content\/uploads\/2023\/09\/logo-gr-100-bikes-1.png\",\"width\":150,\"height\":60,\"caption\":\"Experience Gr-100\"},\"image\":{\"@id\":\"https:\/\/experience.gr-100.com\/#\/schema\/logo\/image\/\"},\"sameAs\":[\"https:\/\/www.facebook.com\/Gr100Bikes\",\"https:\/\/x.com\/gr100mtbteam\",\"https:\/\/www.instagram.com\/gr100bikes\",\"https:\/\/www.tiktok.com\/@gr100bikes\",\"https:\/\/www.youtube.com\/c\/GR100Specialized\"]}]}<\/script>\n<!-- \/ Yoast SEO plugin. -->","yoast_head_json":{"title":"Test Drive - Gr-100","description":"Experimente a experi\u00eancia GR-100: uma viagem de aventura e cultura espera por si. Reserve o seu test drive hoje mesmo!","robots":{"index":"index","follow":"follow","max-snippet":"max-snippet:-1","max-image-preview":"max-image-preview:large","max-video-preview":"max-video-preview:-1"},"canonical":"https:\/\/experience.gr-100.com\/pt-pt\/test-drive\/","og_locale":"pt_PT","og_type":"article","og_title":"Test Drive - Gr-100","og_description":"Experimente a experi\u00eancia GR-100: uma viagem de aventura e cultura espera por si. Reserve o seu test drive hoje mesmo!","og_url":"https:\/\/experience.gr-100.com\/pt-pt\/test-drive\/","og_site_name":"Gr-100","article_publisher":"https:\/\/www.facebook.com\/Gr100Bikes","article_modified_time":"2023-12-02T18:02:14+00:00","twitter_card":"summary_large_image","twitter_site":"@gr100mtbteam","twitter_misc":{"Tempo estimado de leitura":"3 minutos"},"schema":{"@context":"https:\/\/schema.org","@graph":[{"@type":"WebPage","@id":"https:\/\/experience.gr-100.com\/pt-pt\/test-drive\/","url":"https:\/\/experience.gr-100.com\/pt-pt\/test-drive\/","name":"Test Drive - Gr-100","isPartOf":{"@id":"https:\/\/experience.gr-100.com\/#website"},"datePublished":"2023-10-06T13:20:29+00:00","dateModified":"2023-12-02T18:02:14+00:00","description":"Experimente a experi\u00eancia GR-100: uma viagem de aventura e cultura espera por si. Reserve o seu test drive hoje mesmo!","breadcrumb":{"@id":"https:\/\/experience.gr-100.com\/pt-pt\/test-drive\/#breadcrumb"},"inLanguage":"pt-PT","potentialAction":[{"@type":"ReadAction","target":["https:\/\/experience.gr-100.com\/pt-pt\/test-drive\/"]}]},{"@type":"BreadcrumbList","@id":"https:\/\/experience.gr-100.com\/pt-pt\/test-drive\/#breadcrumb","itemListElement":[{"@type":"ListItem","position":1,"name":"Portada","item":"https:\/\/experience.gr-100.com\/"},{"@type":"ListItem","position":2,"name":"Test Drive"}]},{"@type":"WebSite","@id":"https:\/\/experience.gr-100.com\/#website","url":"https:\/\/experience.gr-100.com\/","name":"Experience Gr-100","description":"","publisher":{"@id":"https:\/\/experience.gr-100.com\/#organization"},"potentialAction":[{"@type":"SearchAction","target":{"@type":"EntryPoint","urlTemplate":"https:\/\/experience.gr-100.com\/?s={search_term_string}"},"query-input":{"@type":"PropertyValueSpecification","valueRequired":true,"valueName":"search_term_string"}}],"inLanguage":"pt-PT"},{"@type":"Organization","@id":"https:\/\/experience.gr-100.com\/#organization","name":"Experience Gr-100","url":"https:\/\/experience.gr-100.com\/","logo":{"@type":"ImageObject","inLanguage":"pt-PT","@id":"https:\/\/experience.gr-100.com\/#\/schema\/logo\/image\/","url":"https:\/\/experience.gr-100.com\/wp-content\/uploads\/2023\/09\/logo-gr-100-bikes-1.png","contentUrl":"https:\/\/experience.gr-100.com\/wp-content\/uploads\/2023\/09\/logo-gr-100-bikes-1.png","width":150,"height":60,"caption":"Experience Gr-100"},"image":{"@id":"https:\/\/experience.gr-100.com\/#\/schema\/logo\/image\/"},"sameAs":["https:\/\/www.facebook.com\/Gr100Bikes","https:\/\/x.com\/gr100mtbteam","https:\/\/www.instagram.com\/gr100bikes","https:\/\/www.tiktok.com\/@gr100bikes","https:\/\/www.youtube.com\/c\/GR100Specialized"]}]}},"_links":{"self":[{"href":"https:\/\/experience.gr-100.com\/pt-pt\/wp-json\/wp\/v2\/pages\/262183","targetHints":{"allow":["GET"]}}],"collection":[{"href":"https:\/\/experience.gr-100.com\/pt-pt\/wp-json\/wp\/v2\/pages"}],"about":[{"href":"https:\/\/experience.gr-100.com\/pt-pt\/wp-json\/wp\/v2\/types\/page"}],"author":[{"embeddable":true,"href":"https:\/\/experience.gr-100.com\/pt-pt\/wp-json\/wp\/v2\/users\/5"}],"replies":[{"embeddable":true,"href":"https:\/\/experience.gr-100.com\/pt-pt\/wp-json\/wp\/v2\/comments?post=262183"}],"version-history":[{"count":3,"href":"https:\/\/experience.gr-100.com\/pt-pt\/wp-json\/wp\/v2\/pages\/262183\/revisions"}],"predecessor-version":[{"id":262242,"href":"https:\/\/experience.gr-100.com\/pt-pt\/wp-json\/wp\/v2\/pages\/262183\/revisions\/262242"}],"wp:attachment":[{"href":"https:\/\/experience.gr-100.com\/pt-pt\/wp-json\/wp\/v2\/media?parent=262183"}],"curies":[{"name":"wp","href":"https:\/\/api.w.org\/{rel}","templated":true}]}}